{"id":85,"date":"2024-01-25T18:54:17","date_gmt":"2024-01-25T17:54:17","guid":{"rendered":"https:\/\/infirmiere-amazone.com\/?page_id=85"},"modified":"2024-01-25T18:57:10","modified_gmt":"2024-01-25T17:57:10","slug":"formation","status":"publish","type":"page","link":"https:\/\/infirmiere-amazone.com\/?page_id=85","title":{"rendered":"Formation"},"content":{"rendered":"\n<figure class=\"wp-block-image size-large is-resized\"><img loading=\"lazy\" decoding=\"async\" width=\"1024\" height=\"341\" src=\"https:\/\/infirmiere-amazone-com.preview-domain.com\/wp-content\/uploads\/2024\/01\/DE-Infirmier-1024x341.jpg\" alt=\"\" class=\"wp-image-86\" style=\"width:1243px;height:auto\" srcset=\"https:\/\/infirmiere-amazone.com\/wp-content\/uploads\/2024\/01\/DE-Infirmier-1024x341.jpg 1024w, https:\/\/infirmiere-amazone.com\/wp-content\/uploads\/2024\/01\/DE-Infirmier-300x100.jpg 300w, https:\/\/infirmiere-amazone.com\/wp-content\/uploads\/2024\/01\/DE-Infirmier-768x256.jpg 768w, https:\/\/infirmiere-amazone.com\/wp-content\/uploads\/2024\/01\/DE-Infirmier.jpg 1200w\" sizes=\"(max-width: 1024px) 100vw, 1024px\" \/><\/figure>\n\n\n\n<p><br>En France, pour devenir infirmi\u00e8re, les \u00e9tudiants doivent suivre une formation sp\u00e9cifique dispens\u00e9e dans des \u00e9coles agr\u00e9\u00e9es. Voici quelques-unes des \u00e9coles et formations pour devenir infirmi\u00e8re en France :<\/p>\n\n\n\n<ol>\n<li><strong>IFSI (Institut de Formation en Soins Infirmiers) :<\/strong>\n<ul>\n<li>Les IFSI sont les \u00e9coles principales pour la formation des infirmi\u00e8res en France.<\/li>\n\n\n\n<li>Ils sont g\u00e9n\u00e9ralement rattach\u00e9s \u00e0 des h\u00f4pitaux ou des centres de formation en sant\u00e9.<\/li>\n\n\n\n<li>La formation en IFSI d\u00e9bouche sur l&#8217;obtention d&#8217;un Dipl\u00f4me d&#8217;\u00c9tat d&#8217;Infirmier (DEI).<\/li>\n<\/ul>\n<\/li>\n\n\n\n<li><strong>IFAS (Institut de Formation d&#8217;Aides-Soignants) :<\/strong>\n<ul>\n<li>Certains \u00e9tablissements proposent \u00e9galement des formations pour devenir aide-soignant.<\/li>\n\n\n\n<li>Les aides-soignants peuvent \u00e9ventuellement poursuivre leur formation pour devenir infirmiers.<\/li>\n<\/ul>\n<\/li>\n\n\n\n<li><strong>Universit\u00e9s et Instituts universitaires de formation des enseignants (IUFM) :<\/strong>\n<ul>\n<li>Certains \u00e9tablissements universitaires proposent \u00e9galement des formations en soins infirmiers.<\/li>\n\n\n\n<li>Les formations peuvent \u00eatre int\u00e9gr\u00e9es \u00e0 des cursus universitaires en sciences m\u00e9dicales.<\/li>\n<\/ul>\n<\/li>\n\n\n\n<li><strong>\u00c9coles priv\u00e9es de formation en soins infirmiers :<\/strong>\n<ul>\n<li>En plus des \u00e9coles publiques, il existe des \u00e9coles priv\u00e9es agr\u00e9\u00e9es qui dispensent des formations en soins infirmiers.<\/li>\n\n\n\n<li>Les modalit\u00e9s d&#8217;admission et de formation peuvent varier d&#8217;une \u00e9cole \u00e0 l&#8217;autre.<\/li>\n<\/ul>\n<\/li>\n\n\n\n<li><strong>Formation en alternance :<\/strong>\n<ul>\n<li>Certains \u00e9tablissements proposent des formations en alternance, permettant aux \u00e9tudiants de combiner \u00e9tudes th\u00e9oriques et exp\u00e9riences pratiques sur le terrain.<\/li>\n<\/ul>\n<\/li>\n\n\n\n<li><strong>Parcours Particuliers (Validation des Acquis de l&#8217;Exp\u00e9rience &#8211; VAE) :<\/strong>\n<ul>\n<li>La VAE permet \u00e0 des professionnels de la sant\u00e9 ayant une exp\u00e9rience significative de faire valider leurs acquis pour obtenir le DEI.<\/li>\n<\/ul>\n<\/li>\n<\/ol>\n\n\n\n<p>Il est important de noter que l&#8217;acc\u00e8s \u00e0 ces formations est souvent soumis \u00e0 des \u00e9preuves de s\u00e9lection, telles que des concours d&#8217;entr\u00e9e. Les crit\u00e8res d&#8217;admission peuvent varier d&#8217;une \u00e9cole \u00e0 l&#8217;autre, et les \u00e9tudiants int\u00e9ress\u00e9s doivent se renseigner aupr\u00e8s des \u00e9tablissements de leur choix.<\/p>\n\n\n\n<p>De plus, les conditions d&#8217;admission, la dur\u00e9e de la formation, et les modalit\u00e9s d&#8217;enseignement peuvent \u00eatre sujettes \u00e0 des changements. Il est donc recommand\u00e9 de consulter les sites officiels des \u00e9tablissements de formation ou les autorit\u00e9s de sant\u00e9 pour obtenir les informations les plus r\u00e9centes.<\/p>\n","protected":false},"excerpt":{"rendered":"<p>En France, pour devenir infirmi\u00e8re, les \u00e9tudiants doivent suivre une formation sp\u00e9cifique dispens\u00e9e dans des \u00e9coles agr\u00e9\u00e9es. Voici quelques-unes des \u00e9coles et formations pour devenir infirmi\u00e8re en France : Il est important de noter que l&#8217;acc\u00e8s \u00e0 ces formations est souvent soumis \u00e0 des \u00e9preuves de s\u00e9lection, telles que des concours d&#8217;entr\u00e9e. Les crit\u00e8res d&#8217;admission&#8230;<\/p>\n","protected":false},"author":1,"featured_media":0,"parent":0,"menu_order":0,"comment_status":"closed","ping_status":"closed","template":"","meta":{"om_disable_all_campaigns":false,"_monsterinsights_skip_tracking":false,"_monsterinsights_sitenote_active":false,"_monsterinsights_sitenote_note":"","_monsterinsights_sitenote_category":0,"_kad_post_transparent":"","_kad_post_title":"","_kad_post_layout":"","_kad_post_sidebar_id":"","_kad_post_content_style":"","_kad_post_vertical_padding":"","_kad_post_feature":"","_kad_post_feature_position":"","_kad_post_header":false,"_kad_post_footer":false,"footnotes":""},"aioseo_notices":[],"_links":{"self":[{"href":"https:\/\/infirmiere-amazone.com\/index.php?rest_route=\/wp\/v2\/pages\/85"}],"collection":[{"href":"https:\/\/infirmiere-amazone.com\/index.php?rest_route=\/wp\/v2\/pages"}],"about":[{"href":"https:\/\/infirmiere-amazone.com\/index.php?rest_route=\/wp\/v2\/types\/page"}],"author":[{"embeddable":true,"href":"https:\/\/infirmiere-amazone.com\/index.php?rest_route=\/wp\/v2\/users\/1"}],"replies":[{"embeddable":true,"href":"https:\/\/infirmiere-amazone.com\/index.php?rest_route=%2Fwp%2Fv2%2Fcomments&post=85"}],"version-history":[{"count":2,"href":"https:\/\/infirmiere-amazone.com\/index.php?rest_route=\/wp\/v2\/pages\/85\/revisions"}],"predecessor-version":[{"id":89,"href":"https:\/\/infirmiere-amazone.com\/index.php?rest_route=\/wp\/v2\/pages\/85\/revisions\/89"}],"wp:attachment":[{"href":"https:\/\/infirmiere-amazone.com\/index.php?rest_route=%2Fwp%2Fv2%2Fmedia&parent=85"}],"curies":[{"name":"wp","href":"https:\/\/api.w.org\/{rel}","templated":true}]}}